{"id":8,"date":"2016-02-25T15:37:49","date_gmt":"2016-02-25T14:37:49","guid":{"rendered":"http:\/\/anne.huvelle.net\/?page_id=8"},"modified":"2021-02-24T17:43:41","modified_gmt":"2021-02-24T16:43:41","slug":"qui-suis-je","status":"publish","type":"page","link":"http:\/\/anne.huvelle.net\/","title":{"rendered":"Qui suis-je ?"},"content":{"rendered":"<p><span style=\"font-family: Arial;\">Psychologue clinicienne et Psychoth\u00e9rapeute (approche cognitivo-comportementale) <\/span><span style=\"font-family: Arial;\">\u00a0<\/span><\/p>\n<p><span style=\"font-family: Arial;\"><img loading=\"lazy\" decoding=\"async\" class=\"size-full wp-image-12 alignright\" src=\"http:\/\/anne.huvelle.net\/wp-content\/uploads\/2016\/02\/anne.jpg\" alt=\"anne\" width=\"175\" height=\"207\" \/><\/span><\/p>\n<p><span style=\"font-family: Arial;\">Psychologue de premi\u00e8re ligne &#8211; Conventionn\u00e9e avec l&rsquo;INAMI &#8211; Consultations rembours\u00e9es (voir onglet INAMI- Psy de 1<sup>ere<\/sup> ligne) <\/span><\/p>\n<p><span style=\"font-family: Arial;\">Coaching scolaire m\u00e9thode de travail mind maping Adolescents et Adultes <\/span><\/p>\n<h2>COVID 19 &#8211; La ministre de la Sant\u00e9 publique Maggie De Block annonce le remboursement de la t\u00e9l\u00e9consultation pour les psychologues cliniciens.<\/h2>\n<p>La crise du coronavirus a un impact psychologique important sur de nombreuses personnes. Afin de les soutenir au mieux, la ministre de la Sant\u00e9 publique, Maggie De Block, rembourse d\u00e9sormais les consultations vid\u00e9o avec un psychologue ou un orthop\u00e9dagogue clinicien conventionn\u00e9.<\/p>\n<p>La ministre De Block :\u00a0<em>\u00ab\u00a0Le remboursement de l\u2019aide psychologique \u00e0 distance a un double objectif. Nous voulons aider les personnes qui souffrent d\u2019anxi\u00e9t\u00e9 et de panique suite \u00e0 la crise du coronavirus. Mais nous voulons aussi que les personnes qui ont d\u00e9j\u00e0 consult\u00e9 un psychologue puissent poursuivre leur traitement, sans avoir \u00e0 se d\u00e9placer physiquement\u00a0\u00bb.<\/em><\/p>\n<p>Pour rendre cela possible, l\u2019INAMI et le SPF Sant\u00e9 publique ont adapt\u00e9 la\u00a0<a href=\"https:\/\/compsy.us13.list-manage.com\/track\/click?u=8df5a36fb615384d84a48cab6&amp;id=d9e11a3f13&amp;e=f854e67d30\">convention de remboursement<\/a>. La pr\u00e9sence physique n\u2019est plus obligatoire : les psychologues et les orthop\u00e9dagogues cliniciens pourront maintenant assurer leurs consultations avec leurs patients par vid\u00e9oconf\u00e9rence.<\/p>\n<p>Les conditions de renvoi sont \u00e9galement assouplies : outres les m\u00e9decins g\u00e9n\u00e9ralistes, les m\u00e9decins de pr\u00e9vention et les m\u00e9decins d\u2019entreprise peuvent \u00e0 pr\u00e9sent orienter les personnes concern\u00e9es vers un psychologue ou un orthop\u00e9dagogue clinicien.<\/p>\n<p><strong>\u00ab\u00a0Pour les jeunes et les a\u00een\u00e9s\u00a0\u00bb<\/strong><\/p>\n<p>Le projet pilote sur le remboursement des soins psychologiques de premi\u00e8re ligne s\u2019adresse aux 18-65 ans. La ministre De Block veut l\u2019\u00e9tendre \u00e0 tous les \u00e2ges d\u00e8s que possible.\u00a0<em>\u00ab\u00a0Tout le monde doit avoir facilement acc\u00e8s \u00e0 une aide psychologique pendant cette crise\u00a0\u00bb<\/em>, a d\u00e9clar\u00e9 la ministre.\u00a0<em>\u00ab\u00a0Le gouvernement f\u00e9d\u00e9ral \u00e9tudie actuellement la question et prendra une d\u00e9cision le plus rapidement possible.\u00a0\u00bb<\/em><\/p>\n<p>Les autres conditions pr\u00e9vues dans la convention restent inchang\u00e9es. Toute personne recevant des soins psychologiques dans le cadre de la convention a droit \u00e0 un maximum total de huit s\u00e9ances par an. Le patient paie 11,2 \u20ac de sa poche par s\u00e9ance, les patients ayant droit \u00e0 une intervention major\u00e9e paient quant \u00e0 eux 4\u20ac par s\u00e9ance.<\/p>\n<p><span style=\"font-size: 24px; font-family: Arial;\">Exp\u00e9rience<\/span><\/p>\n<p><span style=\"font-family: Arial;\">J&rsquo;ai d\u00e9velopp\u00e9 mes comp\u00e9tences en th\u00e9rapie cognitivo-comportmentales au sein de l&rsquo;h\u00f4pital Erasme (Bruxelles) et du Domaine (Braine l&rsquo;Alleud). J\u2019y ai travaill\u00e9 aupr\u00e8s d\u2019adultes et d\u2019adolescents pr\u00e9sentant des difficult\u00e9s psychologiques diverses.\u00a0<\/span><\/p>\n<p><span style=\"font-family: Arial;\">Mes activit\u00e9s au sein du centre recouvraient des bilans d\u2019\u00e9valuation et d\u2019orientation, des consultations cliniques ainsi que l\u2019animation d\u2019ateliers et de groupes. <\/span><\/p>\n<p><span style=\"font-family: Arial;\">A l\u2019heure actuelle, je m\u2019int\u00e9resse fortement \u00e0 la gestion du stress ( tant au point de vue priv\u00e9 que professionnel) ainsi qu&rsquo;\u00e0 la gestion et \u00e0 la r\u00e9solution des conflits et je propose des modules de\u00a0formation en individuel &#8211; petits groupe ou en entreprise.\u00a0 En parall\u00e8le \u00e0 mon activit\u00e9 de th\u00e9rapeute, j\u2019enseigne la psychologie \u00e0 des \u00e9tudiants du secondaire sup\u00e9rieur qui se dirigent vers des \u00e9tudes sociales.<\/span><\/p>\n<p><span style=\"font-size: 24px; font-family: Arial;\">Formation <\/span><\/p>\n<ul>\n<li><span style=\"font-family: Arial;\">Licenci\u00e9e en Sciences Psychologiques et de l\u2019\u00c9ducation \u00e0 l\u2019Universit\u00e9 Catholique de Louvain (Belgique) <\/span><\/li>\n<li><span style=\"font-family: Arial;\">Master Compl\u00e9mentaire en Psychoth\u00e9rapie (Universit\u00e9 de Louvain, Universit\u00e9 de Li\u00e8ge et Universit\u00e9 de Lausanne) <\/span><\/li>\n<li><span style=\"font-family: Arial;\">Diff\u00e9rentes formations pour professionnels de la sant\u00e9 mentale notamment dans le domaine de la Th\u00e9rapie d\u2019Acceptation et d\u2019Engagement et la Pleine Conscience (Mindfulness) <\/span><\/li>\n<li><span style=\"font-family: Arial;\">Formation au Mind Maping<\/span><\/li>\n<\/ul>\nSi vous voulez partager : <span class=\"synved-social-container synved-social-container-share\"><a class=\"synved-social-button synved-social-button-share synved-social-size-16 synved-social-resolution-single synved-social-provider-facebook nolightbox\" data-provider=\"facebook\" target=\"_blank\" rel=\"nofollow\" title=\"Je vous invite \u00e0 voir le site d&#039;Anne Huvelle \" href=\"https:\/\/www.facebook.com\/sharer.php?u=http%3A%2F%2Fanne.huvelle.net%2Findex.php%3Frest_route%3D%252Fwp%252Fv2%252Fpages%252F8&#038;t=Qui%20suis-je%20%3F&#038;s=100&#038;p&#091;url&#093;=http%3A%2F%2Fanne.huvelle.net%2Findex.php%3Frest_route%3D%252Fwp%252Fv2%252Fpages%252F8&#038;p&#091;images&#093;&#091;0&#093;=http%3A%2F%2Fanne.huvelle.net%2Fwp-content%2Fuploads%2F2016%2F02%2Fanne.jpg&#038;p&#091;title&#093;=Qui%20suis-je%20%3F\" style=\"font-size: 0px;width:16px;height:16px;margin:0;margin-bottom:5px;margin-right:5px\"><img loading=\"lazy\" decoding=\"async\" alt=\"Facebook\" title=\"Je vous invite \u00e0 voir le site d&#039;Anne Huvelle \" class=\"synved-share-image synved-social-image synved-social-image-share\" width=\"16\" height=\"16\" style=\"display: inline;width:16px;height:16px;margin: 0;padding: 0;border: none;box-shadow: none\" src=\"http:\/\/anne.huvelle.net\/wp-content\/plugins\/social-media-feather\/synved-social\/image\/social\/regular\/32x32\/facebook.png\" \/><\/a><a class=\"synved-social-button synved-social-button-share synved-social-size-16 synved-social-resolution-single synved-social-provider-twitter nolightbox\" data-provider=\"twitter\" target=\"_blank\" rel=\"nofollow\" title=\"Je vous invite \u00e0 voir le site d&#039;Anne Huvelle \" href=\"https:\/\/twitter.com\/intent\/tweet?url=http%3A%2F%2Fanne.huvelle.net%2Findex.php%3Frest_route%3D%252Fwp%252Fv2%252Fpages%252F8&#038;text=Je%20vous%20recommande%20ce%20site\" style=\"font-size: 0px;width:16px;height:16px;margin:0;margin-bottom:5px;margin-right:5px\"><img loading=\"lazy\" decoding=\"async\" alt=\"twitter\" title=\"Je vous invite \u00e0 voir le site d&#039;Anne Huvelle \" class=\"synved-share-image synved-social-image synved-social-image-share\" width=\"16\" height=\"16\" style=\"display: inline;width:16px;height:16px;margin: 0;padding: 0;border: none;box-shadow: none\" src=\"http:\/\/anne.huvelle.net\/wp-content\/plugins\/social-media-feather\/synved-social\/image\/social\/regular\/32x32\/twitter.png\" \/><\/a><a class=\"synved-social-button synved-social-button-share synved-social-size-16 synved-social-resolution-single synved-social-provider-pinterest nolightbox\" data-provider=\"pinterest\" target=\"_blank\" rel=\"nofollow\" title=\"Je vous invite \u00e0 voir le site d&#039;Anne Huvelle \" href=\"https:\/\/pinterest.com\/pin\/create\/button\/?url=http%3A%2F%2Fanne.huvelle.net%2Findex.php%3Frest_route%3D%252Fwp%252Fv2%252Fpages%252F8&#038;media=http%3A%2F%2Fanne.huvelle.net%2Fwp-content%2Fuploads%2F2016%2F02%2Fanne.jpg&#038;description=Qui%20suis-je%20%3F\" style=\"font-size: 0px;width:16px;height:16px;margin:0;margin-bottom:5px;margin-right:5px\"><img loading=\"lazy\" decoding=\"async\" alt=\"pinterest\" title=\"Je vous invite \u00e0 voir le site d&#039;Anne Huvelle \" class=\"synved-share-image synved-social-image synved-social-image-share\" width=\"16\" height=\"16\" style=\"display: inline;width:16px;height:16px;margin: 0;padding: 0;border: none;box-shadow: none\" src=\"http:\/\/anne.huvelle.net\/wp-content\/plugins\/social-media-feather\/synved-social\/image\/social\/regular\/32x32\/pinterest.png\" \/><\/a><a class=\"synved-social-button synved-social-button-share synved-social-size-16 synved-social-resolution-single synved-social-provider-linkedin nolightbox\" data-provider=\"linkedin\" target=\"_blank\" rel=\"nofollow\" title=\"Je vous invite \u00e0 voir le site d&#039;Anne Huvelle \" href=\"https:\/\/www.linkedin.com\/shareArticle?mini=true&#038;url=http%3A%2F%2Fanne.huvelle.net%2Findex.php%3Frest_route%3D%252Fwp%252Fv2%252Fpages%252F8&#038;title=Qui%20suis-je%20%3F\" style=\"font-size: 0px;width:16px;height:16px;margin:0;margin-bottom:5px;margin-right:5px\"><img loading=\"lazy\" decoding=\"async\" alt=\"linkedin\" title=\"Je vous invite \u00e0 voir le site d&#039;Anne Huvelle \" class=\"synved-share-image synved-social-image synved-social-image-share\" width=\"16\" height=\"16\" style=\"display: inline;width:16px;height:16px;margin: 0;padding: 0;border: none;box-shadow: none\" src=\"http:\/\/anne.huvelle.net\/wp-content\/plugins\/social-media-feather\/synved-social\/image\/social\/regular\/32x32\/linkedin.png\" \/><\/a><a class=\"synved-social-button synved-social-button-share synved-social-size-16 synved-social-resolution-single synved-social-provider-mail nolightbox\" data-provider=\"mail\" rel=\"nofollow\" title=\"Je vous invite \u00e0 voir le site d&#039;Anne Huvelle \" href=\"mailto:?subject=Qui%20suis-je%20%3F&#038;body=Je%20vous%20recommande%20ce%20site:%20http%3A%2F%2Fanne.huvelle.net%2Findex.php%3Frest_route%3D%252Fwp%252Fv2%252Fpages%252F8\" style=\"font-size: 0px;width:16px;height:16px;margin:0;margin-bottom:5px\"><img loading=\"lazy\" decoding=\"async\" alt=\"mail\" title=\"Je vous invite \u00e0 voir le site d&#039;Anne Huvelle \" class=\"synved-share-image synved-social-image synved-social-image-share\" width=\"16\" height=\"16\" style=\"display: inline;width:16px;height:16px;margin: 0;padding: 0;border: none;box-shadow: none\" src=\"http:\/\/anne.huvelle.net\/wp-content\/plugins\/social-media-feather\/synved-social\/image\/social\/regular\/32x32\/mail.png\" \/><\/a><\/span> Merci","protected":false},"excerpt":{"rendered":"<p>Psychologue clinicienne et Psychoth\u00e9rapeute (approche cognitivo-comportementale) \u00a0 Psychologue de premi\u00e8re ligne &#8211; Conventionn\u00e9e avec l&rsquo;INAMI &#8211; Consultations rembours\u00e9es (voir onglet INAMI- Psy de 1ere ligne) Coaching scolaire m\u00e9thode de travail mind maping Adolescents et Adultes COVID 19 &#8211; La ministre &hellip; <a href=\"http:\/\/anne.huvelle.net\/\">Continuer la lecture <span class=\"meta-nav\">&rarr;<\/span><\/a><\/p>\n","protected":false},"author":1,"featured_media":0,"parent":0,"menu_order":0,"comment_status":"closed","ping_status":"closed","template":"onecolumn-page.php","meta":{"footnotes":""},"class_list":["post-8","page","type-page","status-publish","hentry"],"aioseo_notices":[],"_links":{"self":[{"href":"http:\/\/anne.huvelle.net\/index.php?rest_route=\/wp\/v2\/pages\/8","targetHints":{"allow":["GET"]}}],"collection":[{"href":"http:\/\/anne.huvelle.net\/index.php?rest_route=\/wp\/v2\/pages"}],"about":[{"href":"http:\/\/anne.huvelle.net\/index.php?rest_route=\/wp\/v2\/types\/page"}],"author":[{"embeddable":true,"href":"http:\/\/anne.huvelle.net\/index.php?rest_route=\/wp\/v2\/users\/1"}],"replies":[{"embeddable":true,"href":"http:\/\/anne.huvelle.net\/index.php?rest_route=%2Fwp%2Fv2%2Fcomments&post=8"}],"version-history":[{"count":8,"href":"http:\/\/anne.huvelle.net\/index.php?rest_route=\/wp\/v2\/pages\/8\/revisions"}],"predecessor-version":[{"id":1325,"href":"http:\/\/anne.huvelle.net\/index.php?rest_route=\/wp\/v2\/pages\/8\/revisions\/1325"}],"wp:attachment":[{"href":"http:\/\/anne.huvelle.net\/index.php?rest_route=%2Fwp%2Fv2%2Fmedia&parent=8"}],"curies":[{"name":"wp","href":"https:\/\/api.w.org\/{rel}","templated":true}]}}