{"id":42,"date":"2016-02-26T14:54:55","date_gmt":"2016-02-26T13:54:55","guid":{"rendered":"http:\/\/anne.huvelle.net\/?page_id=42"},"modified":"2016-02-27T18:22:50","modified_gmt":"2016-02-27T17:22:50","slug":"coaching-scolaire","status":"publish","type":"page","link":"https:\/\/anne.huvelle.net\/?page_id=42","title":{"rendered":"Coaching scolaire"},"content":{"rendered":"<h1>Pour qui ?<\/h1>\n<p>Le coaching scolaire s&rsquo;adresse \u00e0 des \u00e9tudiants du secondaire ou du sup\u00e9rieur qui rencontrent des difficult\u00e9s r\u00e9currentes dans leur apprentissage.<img loading=\"lazy\" decoding=\"async\" class=\"size-full wp-image-13 alignright\" src=\"http:\/\/anne.huvelle.net\/wp-content\/uploads\/2016\/02\/coaching.jpg\" alt=\"coaching\" width=\"160\" height=\"160\" srcset=\"https:\/\/anne.huvelle.net\/wp-content\/uploads\/2016\/02\/coaching.jpg 160w, https:\/\/anne.huvelle.net\/wp-content\/uploads\/2016\/02\/coaching-150x150.jpg 150w\" sizes=\"auto, (max-width: 160px) 100vw, 160px\" \/><\/p>\n<p>Il ne vient pas comme le cours particulier apporter une aide ponctuelle mais vise \u00e0 permettre \u00e0 l&rsquo;adolescent de d\u00e9passer la croyance limitante et \u00e0 la remplacer par une croyance positive.<\/p>\n<p>Le coach scolaire ou d&rsquo;\u00e9tudiant aide le jeune \u00e0 d\u00e9terminer un objectif pr\u00e9cis:\u00a0\u00ab\u00a0Celui qui n\u2019a pas d\u2019objectifs, ne risque pas de les atteindre\u00a0\u00bb Sun Tzu<\/p>\n<p><strong>SMART <\/strong>accompagn\u00e9 d\u2019indicateurs de r\u00e9sultats avec un plan d\u2019actions r\u00e9aliste<\/p>\n<ul>\n<li>S = Sp\u00e9cifique<\/li>\n<li>M = Mesurable<\/li>\n<li>A = Atteignable<\/li>\n<li>R = R\u00e9alisable<\/li>\n<li>T = dans le Temps<\/li>\n<\/ul>\n<h1>Comment ?<\/h1>\n<p>La premi\u00e8re s\u00e9ance de coaching scolaire ou d&rsquo;\u00e9tudiant sert avant tout \u00e0 \u00e9tablir un climat de confiance entre le jeune, ses parents et le coach. Le but \u00e9tant de percevoir qu&rsquo;elles sont les pr\u00e9occupations du moment des parents et du jeune.<\/p>\n<p>Apr\u00e8s avoir d\u00e9fini le cadre d&rsquo;intervention du coaching, c&rsquo;est-\u00e0-dire sur quoi le jeune d\u00e9sire \u00eatre accompagn\u00e9, le coach fera pr\u00e9ciser un objectif pr\u00e9cis accompagn\u00e9 d&rsquo;indicateurs de r\u00e9sultat, accessible en un temps court avec un plan d&rsquo;action. Il aidera \u00e9galement l&rsquo;\u00e9tudiant \u00e0 identifier ce qui est important pour lui afin de donner un sens \u00e0 sa scolarit\u00e9 et de susciter sa motivation.<\/p>\n<p>Le coach scolaire va analyser les raisons de la non-r\u00e9ussite. \u00ab L&rsquo;\u00e9chec \u00e9tant la pers\u00e9v\u00e9rance de la m\u00eame erreur \u00bb. Le coach scolaire accompagnera l&rsquo;\u00e9tudiant afin de contourner les obstacles et de lever les freins qu&rsquo;il rencontre.<\/p>\n<p>Gr\u00e2ce \u00e0 une \u00e9coute active et \u00e0 des questions, le coach scolaire guide le jeune dans son appr\u00e9hension du probl\u00e8me ou la prise de conscience de ses \u00e9motions afin de lui permettre de d\u00e9velopper ses points forts personnels: doper l&rsquo;estime de soi.<\/p>\n<p>Le coach scolaire conduit l&rsquo;\u00e9tudiant \u00e0 trouver en lui-m\u00eame ses propres r\u00e9ponses aux questions qu&rsquo;il se pose ou aux probl\u00e9matiques qu&rsquo;il rencontre.<\/p>\n<p>Le nombre de s\u00e9ances de coaching et la dur\u00e9e dans le temps varie en fonction de \u00ab la probl\u00e9matique \u00bb.<\/p>\n<p>La s\u00e9ance de bouclage servira \u00e0 v\u00e9rifier si l&rsquo;\u00e9tudiant a atteint son objectif et \u00e0 d\u00e9finir les actions qu&rsquo;il devra poursuivre pour s&rsquo;assurer que cet acquis demeure stable.<\/p>\nSi vous voulez partager : <span class=\"synved-social-container synved-social-container-share\"><a class=\"synved-social-button synved-social-button-share synved-social-size-16 synved-social-resolution-single synved-social-provider-facebook nolightbox\" data-provider=\"facebook\" target=\"_blank\" rel=\"nofollow\" title=\"Je vous invite \u00e0 voir le site d&#039;Anne Huvelle \" href=\"https:\/\/www.facebook.com\/sharer.php?u=https%3A%2F%2Fanne.huvelle.net%2Findex.php%3Frest_route%3D%252Fwp%252Fv2%252Fpages%252F42&#038;t=Coaching%20scolaire&#038;s=100&#038;p&#091;url&#093;=https%3A%2F%2Fanne.huvelle.net%2Findex.php%3Frest_route%3D%252Fwp%252Fv2%252Fpages%252F42&#038;p&#091;images&#093;&#091;0&#093;=http%3A%2F%2Fanne.huvelle.net%2Fwp-content%2Fuploads%2F2016%2F02%2Fcoaching.jpg&#038;p&#091;title&#093;=Coaching%20scolaire\" style=\"font-size: 0px;width:16px;height:16px;margin:0;margin-bottom:5px;margin-right:5px\"><img loading=\"lazy\" decoding=\"async\" alt=\"Facebook\" title=\"Je vous invite \u00e0 voir le site d&#039;Anne Huvelle \" class=\"synved-share-image synved-social-image synved-social-image-share\" width=\"16\" height=\"16\" style=\"display: inline;width:16px;height:16px;margin: 0;padding: 0;border: none;box-shadow: none\" src=\"https:\/\/anne.huvelle.net\/wp-content\/plugins\/social-media-feather\/synved-social\/image\/social\/regular\/32x32\/facebook.png\" \/><\/a><a class=\"synved-social-button synved-social-button-share synved-social-size-16 synved-social-resolution-single synved-social-provider-twitter nolightbox\" data-provider=\"twitter\" target=\"_blank\" rel=\"nofollow\" title=\"Je vous invite \u00e0 voir le site d&#039;Anne Huvelle \" href=\"https:\/\/twitter.com\/intent\/tweet?url=https%3A%2F%2Fanne.huvelle.net%2Findex.php%3Frest_route%3D%252Fwp%252Fv2%252Fpages%252F42&#038;text=Je%20vous%20recommande%20ce%20site\" style=\"font-size: 0px;width:16px;height:16px;margin:0;margin-bottom:5px;margin-right:5px\"><img loading=\"lazy\" decoding=\"async\" alt=\"twitter\" title=\"Je vous invite \u00e0 voir le site d&#039;Anne Huvelle \" class=\"synved-share-image synved-social-image synved-social-image-share\" width=\"16\" height=\"16\" style=\"display: inline;width:16px;height:16px;margin: 0;padding: 0;border: none;box-shadow: none\" src=\"https:\/\/anne.huvelle.net\/wp-content\/plugins\/social-media-feather\/synved-social\/image\/social\/regular\/32x32\/twitter.png\" \/><\/a><a class=\"synved-social-button synved-social-button-share synved-social-size-16 synved-social-resolution-single synved-social-provider-pinterest nolightbox\" data-provider=\"pinterest\" target=\"_blank\" rel=\"nofollow\" title=\"Je vous invite \u00e0 voir le site d&#039;Anne Huvelle \" href=\"https:\/\/pinterest.com\/pin\/create\/button\/?url=https%3A%2F%2Fanne.huvelle.net%2Findex.php%3Frest_route%3D%252Fwp%252Fv2%252Fpages%252F42&#038;media=http%3A%2F%2Fanne.huvelle.net%2Fwp-content%2Fuploads%2F2016%2F02%2Fcoaching.jpg&#038;description=Coaching%20scolaire\" style=\"font-size: 0px;width:16px;height:16px;margin:0;margin-bottom:5px;margin-right:5px\"><img loading=\"lazy\" decoding=\"async\" alt=\"pinterest\" title=\"Je vous invite \u00e0 voir le site d&#039;Anne Huvelle \" class=\"synved-share-image synved-social-image synved-social-image-share\" width=\"16\" height=\"16\" style=\"display: inline;width:16px;height:16px;margin: 0;padding: 0;border: none;box-shadow: none\" src=\"https:\/\/anne.huvelle.net\/wp-content\/plugins\/social-media-feather\/synved-social\/image\/social\/regular\/32x32\/pinterest.png\" \/><\/a><a class=\"synved-social-button synved-social-button-share synved-social-size-16 synved-social-resolution-single synved-social-provider-linkedin nolightbox\" data-provider=\"linkedin\" target=\"_blank\" rel=\"nofollow\" title=\"Je vous invite \u00e0 voir le site d&#039;Anne Huvelle \" href=\"https:\/\/www.linkedin.com\/shareArticle?mini=true&#038;url=https%3A%2F%2Fanne.huvelle.net%2Findex.php%3Frest_route%3D%252Fwp%252Fv2%252Fpages%252F42&#038;title=Coaching%20scolaire\" style=\"font-size: 0px;width:16px;height:16px;margin:0;margin-bottom:5px;margin-right:5px\"><img loading=\"lazy\" decoding=\"async\" alt=\"linkedin\" title=\"Je vous invite \u00e0 voir le site d&#039;Anne Huvelle \" class=\"synved-share-image synved-social-image synved-social-image-share\" width=\"16\" height=\"16\" style=\"display: inline;width:16px;height:16px;margin: 0;padding: 0;border: none;box-shadow: none\" src=\"https:\/\/anne.huvelle.net\/wp-content\/plugins\/social-media-feather\/synved-social\/image\/social\/regular\/32x32\/linkedin.png\" \/><\/a><a class=\"synved-social-button synved-social-button-share synved-social-size-16 synved-social-resolution-single synved-social-provider-mail nolightbox\" data-provider=\"mail\" rel=\"nofollow\" title=\"Je vous invite \u00e0 voir le site d&#039;Anne Huvelle \" href=\"mailto:?subject=Coaching%20scolaire&#038;body=Je%20vous%20recommande%20ce%20site:%20https%3A%2F%2Fanne.huvelle.net%2Findex.php%3Frest_route%3D%252Fwp%252Fv2%252Fpages%252F42\" style=\"font-size: 0px;width:16px;height:16px;margin:0;margin-bottom:5px\"><img loading=\"lazy\" decoding=\"async\" alt=\"mail\" title=\"Je vous invite \u00e0 voir le site d&#039;Anne Huvelle \" class=\"synved-share-image synved-social-image synved-social-image-share\" width=\"16\" height=\"16\" style=\"display: inline;width:16px;height:16px;margin: 0;padding: 0;border: none;box-shadow: none\" src=\"https:\/\/anne.huvelle.net\/wp-content\/plugins\/social-media-feather\/synved-social\/image\/social\/regular\/32x32\/mail.png\" \/><\/a><\/span> Merci","protected":false},"excerpt":{"rendered":"<p>Pour qui ? Le coaching scolaire s&rsquo;adresse \u00e0 des \u00e9tudiants du secondaire ou du sup\u00e9rieur qui rencontrent des difficult\u00e9s r\u00e9currentes dans leur apprentissage. Il ne vient pas comme le cours particulier apporter une aide ponctuelle mais vise \u00e0 permettre \u00e0 &hellip; <a href=\"https:\/\/anne.huvelle.net\/?page_id=42\">Continuer la lecture <span class=\"meta-nav\">&rarr;<\/span><\/a><\/p>\n","protected":false},"author":1,"featured_media":0,"parent":0,"menu_order":0,"comment_status":"closed","ping_status":"closed","template":"onecolumn-page.php","meta":{"footnotes":""},"class_list":["post-42","page","type-page","status-publish","hentry"],"aioseo_notices":[],"_links":{"self":[{"href":"https:\/\/anne.huvelle.net\/index.php?rest_route=\/wp\/v2\/pages\/42","targetHints":{"allow":["GET"]}}],"collection":[{"href":"https:\/\/anne.huvelle.net\/index.php?rest_route=\/wp\/v2\/pages"}],"about":[{"href":"https:\/\/anne.huvelle.net\/index.php?rest_route=\/wp\/v2\/types\/page"}],"author":[{"embeddable":true,"href":"https:\/\/anne.huvelle.net\/index.php?rest_route=\/wp\/v2\/users\/1"}],"replies":[{"embeddable":true,"href":"https:\/\/anne.huvelle.net\/index.php?rest_route=%2Fwp%2Fv2%2Fcomments&post=42"}],"version-history":[{"count":4,"href":"https:\/\/anne.huvelle.net\/index.php?rest_route=\/wp\/v2\/pages\/42\/revisions"}],"predecessor-version":[{"id":47,"href":"https:\/\/anne.huvelle.net\/index.php?rest_route=\/wp\/v2\/pages\/42\/revisions\/47"}],"wp:attachment":[{"href":"https:\/\/anne.huvelle.net\/index.php?rest_route=%2Fwp%2Fv2%2Fmedia&parent=42"}],"curies":[{"name":"wp","href":"https:\/\/api.w.org\/{rel}","templated":true}]}}