{"id":51,"date":"2016-02-26T15:22:37","date_gmt":"2016-02-26T14:22:37","guid":{"rendered":"http:\/\/anne.huvelle.net\/?page_id=51"},"modified":"2020-11-30T15:18:34","modified_gmt":"2020-11-30T14:18:34","slug":"horaire-et-tarif","status":"publish","type":"page","link":"https:\/\/anne.huvelle.net\/?page_id=51","title":{"rendered":"Horaire et tarif"},"content":{"rendered":"<h1>Horaire<\/h1>\n<p>Je consulte <strong>lundi<\/strong>, <strong>mardi <\/strong>et <strong>jeudi<\/strong> toute la journ\u00e9e<\/p>\n<p>Possibilit\u00e9 de s&rsquo;organiser si ces plages horaires ne conviennent pas.<\/p>\n<h1>Tarif<\/h1>\n<p>50 euros\/s\u00e9ance (dur\u00e9e de 50 minutes)<\/p>\n<p>Les s\u00e9ances non d\u00e9command\u00e9es 24h \u00e0 l\u2019avance sont consid\u00e9r\u00e9es comme dues et donc factur\u00e9es<\/p>\nSi vous voulez partager : <span class=\"synved-social-container synved-social-container-share\"><a class=\"synved-social-button synved-social-button-share synved-social-size-16 synved-social-resolution-single synved-social-provider-facebook nolightbox\" data-provider=\"facebook\" target=\"_blank\" rel=\"nofollow\" title=\"Je vous invite \u00e0 voir le site d&#039;Anne Huvelle \" href=\"https:\/\/www.facebook.com\/sharer.php?u=https%3A%2F%2Fanne.huvelle.net%2Findex.php%3Frest_route%3D%252Fwp%252Fv2%252Fpages%252F51&#038;t=Horaire%20et%20tarif&#038;s=100&#038;p&#091;url&#093;=https%3A%2F%2Fanne.huvelle.net%2Findex.php%3Frest_route%3D%252Fwp%252Fv2%252Fpages%252F51&#038;p&#091;images&#093;&#091;0&#093;=&#038;p&#091;title&#093;=Horaire%20et%20tarif\" style=\"font-size: 0px;width:16px;height:16px;margin:0;margin-bottom:5px;margin-right:5px\"><img loading=\"lazy\" decoding=\"async\" alt=\"Facebook\" title=\"Je vous invite \u00e0 voir le site d&#039;Anne Huvelle \" class=\"synved-share-image synved-social-image synved-social-image-share\" width=\"16\" height=\"16\" style=\"display: inline;width:16px;height:16px;margin: 0;padding: 0;border: none;box-shadow: none\" src=\"https:\/\/anne.huvelle.net\/wp-content\/plugins\/social-media-feather\/synved-social\/image\/social\/regular\/32x32\/facebook.png\" \/><\/a><a class=\"synved-social-button synved-social-button-share synved-social-size-16 synved-social-resolution-single synved-social-provider-twitter nolightbox\" data-provider=\"twitter\" target=\"_blank\" rel=\"nofollow\" title=\"Je vous invite \u00e0 voir le site d&#039;Anne Huvelle \" href=\"https:\/\/twitter.com\/intent\/tweet?url=https%3A%2F%2Fanne.huvelle.net%2Findex.php%3Frest_route%3D%252Fwp%252Fv2%252Fpages%252F51&#038;text=Je%20vous%20recommande%20ce%20site\" style=\"font-size: 0px;width:16px;height:16px;margin:0;margin-bottom:5px;margin-right:5px\"><img loading=\"lazy\" decoding=\"async\" alt=\"twitter\" title=\"Je vous invite \u00e0 voir le site d&#039;Anne Huvelle \" class=\"synved-share-image synved-social-image synved-social-image-share\" width=\"16\" height=\"16\" style=\"display: inline;width:16px;height:16px;margin: 0;padding: 0;border: none;box-shadow: none\" src=\"https:\/\/anne.huvelle.net\/wp-content\/plugins\/social-media-feather\/synved-social\/image\/social\/regular\/32x32\/twitter.png\" \/><\/a><a class=\"synved-social-button synved-social-button-share synved-social-size-16 synved-social-resolution-single synved-social-provider-pinterest nolightbox\" data-provider=\"pinterest\" target=\"_blank\" rel=\"nofollow\" title=\"Je vous invite \u00e0 voir le site d&#039;Anne Huvelle \" href=\"https:\/\/pinterest.com\/pin\/create\/button\/?url=https%3A%2F%2Fanne.huvelle.net%2Findex.php%3Frest_route%3D%252Fwp%252Fv2%252Fpages%252F51&#038;media=&#038;description=Horaire%20et%20tarif\" style=\"font-size: 0px;width:16px;height:16px;margin:0;margin-bottom:5px;margin-right:5px\"><img loading=\"lazy\" decoding=\"async\" alt=\"pinterest\" title=\"Je vous invite \u00e0 voir le site d&#039;Anne Huvelle \" class=\"synved-share-image synved-social-image synved-social-image-share\" width=\"16\" height=\"16\" style=\"display: inline;width:16px;height:16px;margin: 0;padding: 0;border: none;box-shadow: none\" src=\"https:\/\/anne.huvelle.net\/wp-content\/plugins\/social-media-feather\/synved-social\/image\/social\/regular\/32x32\/pinterest.png\" \/><\/a><a class=\"synved-social-button synved-social-button-share synved-social-size-16 synved-social-resolution-single synved-social-provider-linkedin nolightbox\" data-provider=\"linkedin\" target=\"_blank\" rel=\"nofollow\" title=\"Je vous invite \u00e0 voir le site d&#039;Anne Huvelle \" href=\"https:\/\/www.linkedin.com\/shareArticle?mini=true&#038;url=https%3A%2F%2Fanne.huvelle.net%2Findex.php%3Frest_route%3D%252Fwp%252Fv2%252Fpages%252F51&#038;title=Horaire%20et%20tarif\" style=\"font-size: 0px;width:16px;height:16px;margin:0;margin-bottom:5px;margin-right:5px\"><img loading=\"lazy\" decoding=\"async\" alt=\"linkedin\" title=\"Je vous invite \u00e0 voir le site d&#039;Anne Huvelle \" class=\"synved-share-image synved-social-image synved-social-image-share\" width=\"16\" height=\"16\" style=\"display: inline;width:16px;height:16px;margin: 0;padding: 0;border: none;box-shadow: none\" src=\"https:\/\/anne.huvelle.net\/wp-content\/plugins\/social-media-feather\/synved-social\/image\/social\/regular\/32x32\/linkedin.png\" \/><\/a><a class=\"synved-social-button synved-social-button-share synved-social-size-16 synved-social-resolution-single synved-social-provider-mail nolightbox\" data-provider=\"mail\" rel=\"nofollow\" title=\"Je vous invite \u00e0 voir le site d&#039;Anne Huvelle \" href=\"mailto:?subject=Horaire%20et%20tarif&#038;body=Je%20vous%20recommande%20ce%20site:%20https%3A%2F%2Fanne.huvelle.net%2Findex.php%3Frest_route%3D%252Fwp%252Fv2%252Fpages%252F51\" style=\"font-size: 0px;width:16px;height:16px;margin:0;margin-bottom:5px\"><img loading=\"lazy\" decoding=\"async\" alt=\"mail\" title=\"Je vous invite \u00e0 voir le site d&#039;Anne Huvelle \" class=\"synved-share-image synved-social-image synved-social-image-share\" width=\"16\" height=\"16\" style=\"display: inline;width:16px;height:16px;margin: 0;padding: 0;border: none;box-shadow: none\" src=\"https:\/\/anne.huvelle.net\/wp-content\/plugins\/social-media-feather\/synved-social\/image\/social\/regular\/32x32\/mail.png\" \/><\/a><\/span> Merci","protected":false},"excerpt":{"rendered":"<p>Horaire Je consulte lundi, mardi et jeudi toute la journ\u00e9e Possibilit\u00e9 de s&rsquo;organiser si ces plages horaires ne conviennent pas. Tarif 50 euros\/s\u00e9ance (dur\u00e9e de 50 minutes) Les s\u00e9ances non d\u00e9command\u00e9es 24h \u00e0 l\u2019avance sont consid\u00e9r\u00e9es comme dues et donc &hellip; <a href=\"https:\/\/anne.huvelle.net\/?page_id=51\">Continuer la lecture <span class=\"meta-nav\">&rarr;<\/span><\/a><\/p>\n","protected":false},"author":1,"featured_media":0,"parent":0,"menu_order":0,"comment_status":"closed","ping_status":"closed","template":"onecolumn-page.php","meta":{"footnotes":""},"class_list":["post-51","page","type-page","status-publish","hentry"],"aioseo_notices":[],"_links":{"self":[{"href":"https:\/\/anne.huvelle.net\/index.php?rest_route=\/wp\/v2\/pages\/51","targetHints":{"allow":["GET"]}}],"collection":[{"href":"https:\/\/anne.huvelle.net\/index.php?rest_route=\/wp\/v2\/pages"}],"about":[{"href":"https:\/\/anne.huvelle.net\/index.php?rest_route=\/wp\/v2\/types\/page"}],"author":[{"embeddable":true,"href":"https:\/\/anne.huvelle.net\/index.php?rest_route=\/wp\/v2\/users\/1"}],"replies":[{"embeddable":true,"href":"https:\/\/anne.huvelle.net\/index.php?rest_route=%2Fwp%2Fv2%2Fcomments&post=51"}],"version-history":[{"count":4,"href":"https:\/\/anne.huvelle.net\/index.php?rest_route=\/wp\/v2\/pages\/51\/revisions"}],"predecessor-version":[{"id":1277,"href":"https:\/\/anne.huvelle.net\/index.php?rest_route=\/wp\/v2\/pages\/51\/revisions\/1277"}],"wp:attachment":[{"href":"https:\/\/anne.huvelle.net\/index.php?rest_route=%2Fwp%2Fv2%2Fmedia&parent=51"}],"curies":[{"name":"wp","href":"https:\/\/api.w.org\/{rel}","templated":true}]}}